{"id":81,"date":"2012-04-19T21:37:52","date_gmt":"2012-04-19T21:37:52","guid":{"rendered":"http:\/\/hammo.lima-city.de\/?page_id=81"},"modified":"2023-08-07T09:22:50","modified_gmt":"2023-08-07T09:22:50","slug":"lebenslauf","status":"publish","type":"page","link":"https:\/\/derhammerl.de\/?page_id=81","title":{"rendered":"Beruflicher Werdegang"},"content":{"rendered":"\n<figure class=\"wp-block-table\"><table><tbody><tr><td>seit 04\/2020<\/td><td>Lehrbeauftragter am Lehrstuhl f\u00fcr Vergleichende Kulturwissenschaft, Universit\u00e4t Regensburg<\/td><\/tr><tr><td>seit 01\/2020<\/td><td>Leiter des Freilandmuseum Oberpfalz<\/td><\/tr><tr><td>10\/2019 &#8211; 12\/2019<\/td><td>Wissenschaftlicher Mitarbeiter des <br>Oberpf\u00e4lzer Freilandmuseums Neusath-Perschen<\/td><\/tr><tr><td>seit 09\/2016<\/td><td>Referent der Bayerischen Museumsakademie<\/td><\/tr><tr><td>02\/2015<\/td><td>Abschluss des Promotionsverfahrens durch die Philosophische Fakult\u00e4t IV der Universit\u00e4t Regensburg im Fach Vergleichende Kulturwissenschaft bei Prof. Dr. Daniel Drascek mit der Gesamtnote &#8220;magna cum laude&#8221;; Titel der Dissertationsschrift: &#8220;LEGO &#8211; Bausteine einer volkskundlichen Spielkulturforschung&#8221;; Note: 1, &#8220;magna cum laude&#8221;<\/td><\/tr><tr><td>12\/2013 &#8211; 09\/2017<\/td><td>Gastdozent an der Universit\u00e4t W\u00fcrzburg, Lehrstuhl f\u00fcr Museumswissenschaft<\/td><\/tr><tr><td>04\/2012 &#8211; 09\/2019<\/td><td>Leiter des Stadtmuseums Abensberg und Leiter des Sachgebietes Museum, Kultur und Erwachsenenbildung bei der Stadt Abensberg<\/td><\/tr><tr><td>&nbsp;04\/2007 &#8211; 10\/2008<\/td><td>Lehrbeauftragter f\u00fcr Europ\u00e4ische Ethnologie\/Volkskunde an der Universit\u00e4t Passau<\/td><\/tr><tr><td>&nbsp;09\/2006 &#8211; 04\/2012<\/td><td>Leiter des Stadtmuseums Abensberg und Leiter des Sachgebietes Museum, Fremdenverkehr, Wirtschaftsf\u00f6rderung und Partnerst\u00e4dte der Stadtverwaltung Abensberg<\/td><\/tr><tr><td>&nbsp;05\/2005 &#8211; 08\/2006<\/td><td>Wissenschaftlicher Mitarbeiter der Stadt Abensberg im Rahmen der Neukonzeption des Stadtmuseums Abensberg<\/td><\/tr><tr><td>&nbsp;01\/2005 &#8211; 02\/2005<\/td><td>Wissenschaftliche Hilfskraft am Lehrstuhl f\u00fcr Vergleichende Kulturwissenschaft\/Volkskunde der Universit\u00e4t Regensburg<\/td><\/tr><tr><td>&nbsp;12\/2003 &#8211; 04\/2004<\/td><td>Projektleiter des Forschungsprojektes \u201eWolf\u201c am Lehrstuhl f\u00fcr Vergleichende Kulturwissenschaft\/Volkskunde der Universit\u00e4t&nbsp; Regensburg<\/td><\/tr><tr><td>&nbsp;06\/2003 &#8211; 12\/2004<\/td><td>Studentische Hilfskraft und Tutor am Lehrstuhl f\u00fcr Vergleichende Kulturwissenschaft\/Volkskunde der Universit\u00e4t Regensburg<\/td><\/tr><tr><td>&nbsp;05\/2000 &#8211; 09\/2000<\/td><td>Praktikant am Oberpf\u00e4lzer Volkskundemuseum, Burglengenfeld<\/td><\/tr><tr><td>&nbsp;04\/2000 &#8211; 10\/2000<\/td><td>Praktikant und freier Mitarbeiter des Hauses der Bayerischen Geschichte, Augsburg<\/td><\/tr><tr><td>&nbsp;07\/1999 &#8211; 05\/2005<\/td><td>G\u00e4ste- und Veranstaltungsbetreuer bei der Kultur- und Veranstaltungsagentur Stadtmaus GmbH, Regensburg<\/td><\/tr><tr><td>&nbsp;06\/1999 &#8211; 08\/2001<\/td><td>Museumsf\u00fchrer im Reichstagsmuseum zu Regensburg<\/td><\/tr><tr><td>&nbsp;04\/1998 &#8211; 07\/1999<\/td><td>Subpr\u00e4fekt im Bisch\u00f6flichen Studienseminar St. Wolfgang, Regensburg<\/td><\/tr><\/tbody><\/table><\/figure>\n","protected":false},"excerpt":{"rendered":"<p>seit 04\/2020 Lehrbeauftragter am Lehrstuhl f\u00fcr Vergleichende Kulturwissenschaft, Universit\u00e4t Regensburg seit 01\/2020 Leiter des Freilandmuseum Oberpfalz 10\/2019 &#8211; 12\/2019 Wissenschaftlicher Mitarbeiter des Oberpf\u00e4lzer Freilandmuseums Neusath-Perschen seit 09\/2016 Referent der Bayerischen Museumsakademie 02\/2015 Abschluss des Promotionsverfahrens durch die Philosophische Fakult\u00e4t IV der Universit\u00e4t Regensburg im Fach Vergleichende Kulturwissenschaft bei Prof. Dr.<\/p>\n<div class=\"belowpost\"><a class=\"btnmore icon-arrow\" href=\"https:\/\/derhammerl.de\/?page_id=81\"><span>Read More<\/span><\/a><\/div>\n","protected":false},"author":1,"featured_media":0,"parent":0,"menu_order":0,"comment_status":"closed","ping_status":"closed","template":"","meta":{"footnotes":""},"class_list":["post-81","page","type-page","status-publish","hentry"],"_links":{"self":[{"href":"https:\/\/derhammerl.de\/index.php?rest_route=\/wp\/v2\/pages\/81","targetHints":{"allow":["GET"]}}],"collection":[{"href":"https:\/\/derhammerl.de\/index.php?rest_route=\/wp\/v2\/pages"}],"about":[{"href":"https:\/\/derhammerl.de\/index.php?rest_route=\/wp\/v2\/types\/page"}],"author":[{"embeddable":true,"href":"https:\/\/derhammerl.de\/index.php?rest_route=\/wp\/v2\/users\/1"}],"replies":[{"embeddable":true,"href":"https:\/\/derhammerl.de\/index.php?rest_route=%2Fwp%2Fv2%2Fcomments&post=81"}],"version-history":[{"count":46,"href":"https:\/\/derhammerl.de\/index.php?rest_route=\/wp\/v2\/pages\/81\/revisions"}],"predecessor-version":[{"id":1260,"href":"https:\/\/derhammerl.de\/index.php?rest_route=\/wp\/v2\/pages\/81\/revisions\/1260"}],"wp:attachment":[{"href":"https:\/\/derhammerl.de\/index.php?rest_route=%2Fwp%2Fv2%2Fmedia&parent=81"}],"curies":[{"name":"wp","href":"https:\/\/api.w.org\/{rel}","templated":true}]}}