{"id":88,"date":"2012-04-19T21:47:47","date_gmt":"2012-04-19T21:47:47","guid":{"rendered":"http:\/\/hammo.lima-city.de\/?page_id=88"},"modified":"2023-08-07T09:08:16","modified_gmt":"2023-08-07T09:08:16","slug":"publikationen","status":"publish","type":"page","link":"https:\/\/derhammerl.de\/?page_id=88","title":{"rendered":"Publikationen"},"content":{"rendered":"\n<p>Hammerl, Tobias (Hg.): Des Ortes Kern. Von der Wiederentdeckung unserer Mitte. Regensburg 2023 [Schriftenreihe des Oberp\u00e4flzer Freilandmuseums Neusath-Perschen und des Oberpf\u00e4lzer Kulturbundes, Bd. 9].<\/p>\n\n\n\n<p>Hammerl, Tobias: Von Mopsfledermaus und Gelbbauchunke: Tiere in einer musealen Kulturlandschaft. In: May, Herbert, Rodenberg, Markus: Tierisch n\u00fctzlich. Der Mensch und sein Vieh. Petersberg 2023 [=Schriften S\u00fcddeutscher Freilichtmuseen, Band 7], S. 200-207.<\/p>\n\n\n\n<p>Hammerl, Tobias: Von Mopsfledermaus und Gelbbauchunke: Wildtiere im Freilandmuseum Oberpfalz. Auf: https:\/\/wissen.freilandmusuem-oberpfalz.de. Vom: 01.03.2023. [<a rel=\"noreferrer noopener\" href=\"https:\/\/wissen.freilandmuseum-oberpfalz.de\/von-mopsfledermaus-und-gelbbauchunke-tiere-in-einer-musealen-kulturlandschaft\/\" target=\"_blank\">Link<\/a>]<\/p>\n\n\n\n<p>Hammerl, Tobias: Projekt Pferdestallbaracke OKH 260\/9. Auf: https:\/\/wissen.freilandmusuem-oberpfalz.de. Vom: 01.03.2023. [<a href=\"https:\/\/wissen.freilandmuseum-oberpfalz.de\/projekt-pferdestallbaracke-okh-260-9\/\">Link<\/a>]<\/p>\n\n\n\n<p>Hammerl, Tobias: Gut gedacht ist halb gebaut! Nachhaltigkeit als Planungsziel des zuk\u00fcnftigen Gro\u00dfobjektedepots des Freilandmuseums Oberpfalz. Auf: https:\/\/wissen.freilandmusuem-oberpfalz.de. Vom: 30.03.2021. [<a rel=\"noreferrer noopener\" href=\"https:\/\/wissen.freilandmuseum-oberpfalz.de\/gut-gedacht-ist-halb-gebaut\/\" target=\"_blank\">Link<\/a>]<\/p>\n\n\n\n<p>Hammerl, Tobias: <a href=\"https:\/\/wissen.freilandmuseum-oberpfalz.de\/zeitgenossen-ein-autobiographischer-text-von-joseph-von-hazzi\/\">Zeitgenossen \u2013 Ein autobiographischer Text <\/a>von Joseph von Hazzi? Auf: https:\/\/wissen.freilandmusuem-oberpfalz.de. Vom: 05.10.2021. [<a href=\"https:\/\/wissen.freilandmuseum-oberpfalz.de\/zeitgenossen-ein-autobiographischer-text-von-joseph-von-hazzi\/\">Link<\/a>]<\/p>\n\n\n\n<p>Hammerl, Tobias:  Gut und g\u00fcnstig. Das neue museumsp\u00e4dagogische Geb\u00e4ude des Freilandmuseums Oberpfalz. In: museum heute 59 (2021), S. 65-69. [<a href=\"https:\/\/www.museen-in-bayern.de\/fileadmin\/user_upload\/mh_59_web.pdf\">Link zur PDF-Ausgabe<\/a>]. <\/p>\n\n\n\n<p>Hammerl, Tobias (Hg.): Gut Holz. Bauen mit Holz in Vergangenheit und Gegenwart. Regensburg 2021 [=Schriftenreihe des Oberpf\u00e4lzer Freilandmuseums, Bd. 8].<\/p>\n\n\n\n<p>Hammerl, Tobias (Hg.): LichtBilder &#8211; Fotobilder 2014-2019. Abensberg 2019 [=: Katalog zur Ausstellung vom 19. September bis 03. November 2019 im Stadtmuseum Abensberg]. <\/p>\n\n\n\n<p>Hammerl, Tobias (Hg.): Gerhard Huber &#8211; Fenster zur Seele. Abensberg 2018 [=Katalog zur Ausstellung vom 13. September bis 11. November im Stadtmuseum Abensberg].<\/p>\n\n\n\n<p>Hammerl, Tobias: LEGO. Bausteine einer volkskundlichen Spielkulturforschung, M\u00fcnster, New York 2018.<\/p>\n\n\n\n<p>Hammerl, Tobias, Leikauf, Veronika: karin fleischer &#8211; sein und nicht sein, Abensberg 2018 [=Katalog zur gleichnamigen Ausstellung im Stadtmuseum Abensberg vom 12. April bis 27. Mai 2018].<\/p>\n\n\n\n<p>Hammerl, Tobias (Hg.): Franz Weikmann &#8211; animalia. Abensberg 2017.<\/p>\n\n\n\n<p>Hammerl, Tobias: AVENTINUM &#8211; die Geschichte und der Name. In: Hammerl, Tobias (Hg.): AVENTINUM. Kultur und Bildung. Abensberg 2017, S. 7-10.<\/p>\n\n\n\n<p>Hammerl, Tobias, Friederike Kotouc, Sophia Kippes, Christiane Rolfs: F\u00f6rderpreis &#8220;Vermittlung im Museum&#8221;. Vorstellung der drei Siegerprojekte. In: museum heute 50 (2017), S. 90-95. [<a href=\"https:\/\/www.museen-in-bayern.de\/uploads\/media\/mh50_webpdf.pdf\">Link zur PDF-Ausgabe<\/a>].<\/p>\n\n\n\n<p>Hammerl, Tobias: Welcome to Bavaria! Workshops f\u00fcr Gefl\u00fcchtete im Stadtmuseum Abensberg. In: museum heute 49 (2016), S. 96-98. [<a href=\"http:\/\/www.museen-in-bayern.de\/uploads\/media\/mh49_2016.pdf\">Link zur PDF-Ausgabe]<\/a>.<\/p>\n\n\n\n<p>Hammerl, Tobias (Hg.): Sehnsucht zu bleiben. Malerei und Grafik von Manfred Sillner. Abensberg 2015 [=Katalog zur gleichnamigen Ausstellung im Stadtmuseum Abensberg vom 11. Dezember 2015 bis zum 27. M\u00e4rz 2016].<\/p>\n\n\n\n<p>Hammerl, Tobias: Am Ende der napoleonischen Kriege suchte eine schwere Hungersnot Bayern heim. So genannter Hungertaler. In: Hamm, Margot u.a. (Hg.): Napoleon und Bayern. Katalog zur Landesausstellung 2015. Augsburg 2015 [=Ver\u00f6ffentlichungen zur Bayerischen Geschichte ud Kultur 64], S. 288.<\/p>\n\n\n\n<p>Unger-Richter, Brigitta, Hammerl, Tobias: HeimatKunstHeimat. K\u00fcnstler zu Gast in Altom\u00fcnster. Dachau 2014. [= Katalog zur gleinamigen Ausstellung vom 5. Oktober bis 16. November 2014 im Museum Altom\u00fcnster].<\/p>\n\n\n\n<p>Hammerl, Tobias, H\u00fcbl, Peter: Sebastian Osterrieder. Festschrift zum 100. Geburtstag, Abensberg 2014.<\/p>\n\n\n\n<p>Hammerl, Tobias: Du bist Kultur! In: anstoss \u2013 Magazin der Jusos Regensburg. Ausgabe 2, Januar 2012, S. 7 \u2013 8.<\/p>\n\n\n\n<p>Hammerl, Tobias: Aventinus im Herzogskasten. In: L\u00f6bbing, Christoph u.a.: Biographische Museen. N\u00fcrnberg 2011, S.46.<\/p>\n\n\n\n<p>Hammerl, Tobias: 1000 Jahre an einem Tag. Babos Almanach f\u00fcr Neugierige. Abensberg 2010.<\/p>\n\n\n\n<p>Hammerl, Tobias: Ferdinand Kieslinger \u2013 Ein Abensberger&nbsp; K\u00fcnstler. In: Hammerl, Tobias (Hg.): Johannes Turmaier gen.&nbsp; Aventinus 1477 &#8211; 1534. Das Leben Aventins. Eine Moritat in 13 Holzschnitten. Abensberg 2010, S. 32 &#8211; 34.<\/p>\n\n\n\n<p>Hammerl, Tobias:&nbsp;\u201eWie\u00b4s fr\u00fcher war\u2026\u201c. Das Seniorenprogramm des Stadtmuseums Abensberg. In: museum heute 37 (2010), S. 63 &#8211; 64.<\/p>\n\n\n\n<p>Hammerl, Tobias: Die Schlacht von Abensberg am 19. und 20. April 2809. In: 1809. Schicksalsjahr zwischen Krieg und Frieden. Napoleon in Bayern. Regensburg 2008, [=Kulturf\u00fchrer Regensburg 08: Napoleon in Bayern], S. 62 &#8211; 65.<\/p>\n\n\n\n<p>Hammerl, Tobias: Vom Bauernbub zum Reichsvizekanzler. Am 28. Dezember vor 450 Jahren starb Jakob Jonas in Abensberg. In: Mittelbayerische Zeitung vom 27.12.2008.<\/p>\n\n\n\n<p>Hammerl, Tobias: \u201eWie\u00b4s fr\u00fcher war\u2026\u201c. Eine Veranstaltungsreihe des Stadtmuseums Abensberg. In: Standbein \u2013 Spielbein. Museumsp\u00e4dagogik aktuell, Nr. 82 (2008), S. 29 &#8211; 31.<\/p>\n\n\n\n<p>Hammerl, Tobias: Perspektiven einer volkskundlichen Spielforschung am Beispiel LEGO. In: Jahrbuch f\u00fcr Europ\u00e4ische Ethnologie, Dritte Folge 3 (2008), S. 45 &#8211; 63.<\/p>\n\n\n\n<p>Hammerl, Tobias: Das Stadtmuseum Abensberg: Vom\u201eTroadstadl\u201c zum Geschichtsspeicher. In: MUSEUM AKTUELL 144 (2008), S. 8 &#8211; 11.<\/p>\n\n\n\n<p>Hammerl, Tobias (Hrsg.): Maria Maier. Kuba Cuba \u2013 Fotografie und Malerei. Lappersdorf 2007.&nbsp;Hammerl, Tobias: Vom &#8220;Troadstadl&#8221; zum Geschichtsspeicher. Das Stadtmuseum Abensberg im Herzogskasten. In: Sch\u00f6nere Heimat 96 (2007), S. 29 &#8211; 32.<\/p>\n\n\n\n<p>Hammerl, Tobias: Das Stadtmuseum Abensberg im Herzogskasten. Vom \u201eTroadstadl\u201c zum Geschichtsspeicher. In: museum heute 31 (2006), S. 4 &#8211; 11.<\/p>\n\n\n\n<p>Hammerl, Tobias: Medien im Museum. In: Rind, Maria, Gribl, Albrecht A., Hammerl, Tobias: Herzogskasten. Tourist-information Stadtmuseum Abensberg. Abensberg 2006.<\/p>\n\n\n\n<p>Hammerl, Karl, Hammerl, Tobias: Markt Laaber. Ein Streifzug durch die Geschichte des Marktes in Wort und Bild. Horb am Neckar 1999.<\/p>\n\n\n\n<h1 class=\"wp-block-heading\">Rezensionen<\/h1>\n\n\n\n<p>Karen Aydin \/ Martina Ghosh-Schellhorn \/ Heinrich Schlange-Sch\u00f6ningen \/ Mario Ziegler (Hg.): Games of Empires. Kulturhistorische Konnotationen von Brettspielen in transnationalen und imperialen Kontexten. Rezensiert von Hammerl, Tobias. In: Bayerisches Jahrbuch f\u00fcr Volkskunde 2021, S. 269f. [<a rel=\"noreferrer noopener\" href=\"https:\/\/www.recensio-regio.net\/rezensionen\/zeitschriften\/bjv\/2021\/ReviewMonograph368067423\" target=\"_blank\">Link<\/a>]<\/p>\n\n\n\n<p>S\u00f6nke Friedreich\/Ira Spieker (Hg.): Alltag \u01c0 Kultur \u01c0 Wissenschaft. Die volkskundlich-kulturanthropologischen Institute und Landesstellen. Rezensiert von Hammerl, Tobias. In:&nbsp;Bayerisches Jahrbuch f\u00fcr Volkskunde 2022. [<a href=\"https:\/\/kbl.badw.de\/kbl-digital\/rezensionsportal\/aktuelle-rezensionen\/ansicht\/detail\/5316.html\" data-type=\"URL\" data-id=\"https:\/\/kbl.badw.de\/kbl-digital\/rezensionsportal\/aktuelle-rezensionen\/ansicht\/detail\/5316.html\">Link<\/a>]<\/p>\n","protected":false},"excerpt":{"rendered":"<p>Hammerl, Tobias (Hg.): Des Ortes Kern. Von der Wiederentdeckung unserer Mitte. Regensburg 2023 [Schriftenreihe des Oberp\u00e4flzer Freilandmuseums Neusath-Perschen und des Oberpf\u00e4lzer Kulturbundes, Bd. 9]. Hammerl, Tobias: Von Mopsfledermaus und Gelbbauchunke: Tiere in einer musealen Kulturlandschaft. In: May, Herbert, Rodenberg, Markus: Tierisch n\u00fctzlich. Der Mensch und sein Vieh. Petersberg 2023 [=Schriften<\/p>\n<div class=\"belowpost\"><a class=\"btnmore icon-arrow\" href=\"https:\/\/derhammerl.de\/?page_id=88\"><span>Read More<\/span><\/a><\/div>\n","protected":false},"author":1,"featured_media":0,"parent":0,"menu_order":0,"comment_status":"closed","ping_status":"closed","template":"","meta":{"footnotes":""},"class_list":["post-88","page","type-page","status-publish","hentry"],"_links":{"self":[{"href":"https:\/\/derhammerl.de\/index.php?rest_route=\/wp\/v2\/pages\/88","targetHints":{"allow":["GET"]}}],"collection":[{"href":"https:\/\/derhammerl.de\/index.php?rest_route=\/wp\/v2\/pages"}],"about":[{"href":"https:\/\/derhammerl.de\/index.php?rest_route=\/wp\/v2\/types\/page"}],"author":[{"embeddable":true,"href":"https:\/\/derhammerl.de\/index.php?rest_route=\/wp\/v2\/users\/1"}],"replies":[{"embeddable":true,"href":"https:\/\/derhammerl.de\/index.php?rest_route=%2Fwp%2Fv2%2Fcomments&post=88"}],"version-history":[{"count":42,"href":"https:\/\/derhammerl.de\/index.php?rest_route=\/wp\/v2\/pages\/88\/revisions"}],"predecessor-version":[{"id":1255,"href":"https:\/\/derhammerl.de\/index.php?rest_route=\/wp\/v2\/pages\/88\/revisions\/1255"}],"wp:attachment":[{"href":"https:\/\/derhammerl.de\/index.php?rest_route=%2Fwp%2Fv2%2Fmedia&parent=88"}],"curies":[{"name":"wp","href":"https:\/\/api.w.org\/{rel}","templated":true}]}}